{"id":492,"date":"2022-03-18T10:59:13","date_gmt":"2022-03-18T13:59:13","guid":{"rendered":"https:\/\/rdsystems.com.br\/loja\/?post_type=product&#038;p=492"},"modified":"2025-12-10T02:48:25","modified_gmt":"2025-12-10T05:48:25","slug":"site-pre-moldado-com-area-aministrativa","status":"publish","type":"product","link":"https:\/\/rdsystems.com.br\/loja\/produto\/site-pre-moldado-com-area-aministrativa\/","title":{"rendered":"Site Pr\u00e9-Moldado Com \u00c1rea Aministrativa"},"content":{"rendered":"<p>Site pr\u00e9-moldado com acesso a \u00e1rea administrativa e possibilidade de editar o site a qualquer momento e com 6 meses de consultoria.<\/p>\n","protected":false},"excerpt":{"rendered":"<p>Site pr\u00e9-moldado com acesso a \u00e1rea administrativa e possibilidade de editar o site a qualquer momento e com 6 meses&hellip;<\/p>\n","protected":false},"featured_media":493,"comment_status":"open","ping_status":"closed","template":"","meta":[],"product_cat":[83],"product_tag":[],"_links":{"self":[{"href":"https:\/\/rdsystems.com.br\/loja\/wp-json\/wp\/v2\/product\/492"}],"collection":[{"href":"https:\/\/rdsystems.com.br\/loja\/wp-json\/wp\/v2\/product"}],"about":[{"href":"https:\/\/rdsystems.com.br\/loja\/wp-json\/wp\/v2\/types\/product"}],"replies":[{"embeddable":true,"href":"https:\/\/rdsystems.com.br\/loja\/wp-json\/wp\/v2\/comments?post=492"}],"wp:featuredmedia":[{"embeddable":true,"href":"https:\/\/rdsystems.com.br\/loja\/wp-json\/wp\/v2\/media\/493"}],"wp:attachment":[{"href":"https:\/\/rdsystems.com.br\/loja\/wp-json\/wp\/v2\/media?parent=492"}],"wp:term":[{"taxonomy":"product_cat","embeddable":true,"href":"https:\/\/rdsystems.com.br\/loja\/wp-json\/wp\/v2\/product_cat?post=492"},{"taxonomy":"product_tag","embeddable":true,"href":"https:\/\/rdsystems.com.br\/loja\/wp-json\/wp\/v2\/product_tag?post=492"}],"curies":[{"name":"wp","href":"https:\/\/api.w.org\/{rel}","templated":true}]}}